{"id":1053,"date":"2018-02-01T09:40:44","date_gmt":"2018-02-01T08:40:44","guid":{"rendered":"https:\/\/www.neutor.com\/?page_id=1053"},"modified":"2019-02-22T13:00:45","modified_gmt":"2019-02-22T12:00:45","slug":"datenschutz","status":"publish","type":"page","link":"https:\/\/www.neutor.com\/en\/datenschutz\/","title":{"rendered":"Data Protection"},"content":{"rendered":"<p>[vc_row][vc_column][vc_column_text]<\/p>\n<h2 style=\"text-align: center;\"><small>Datenschutz<\/small>nach DSGVO<\/h2>\n<p>[\/vc_column_text][\/vc_column][\/vc_row][vc_row][vc_column][vc_column_text]<\/p>\n<p style=\"text-align: left;\">Die Datenschutzerkl\u00e4rung erstreckt sich auf das Erfassen und Verwenden pers\u00f6nlicher Daten, die bei Kontaktaufnahme unter Umst\u00e4nden erhoben werden, also beispielsweise dann, wenn Sie unsere Website besuchen, wenn Sie Leistungen anfragen, buchen, erwerben oder wenn Sie uns anrufen. Bitte nehmen Sie sich einen Augenblick Zeit und lesen Sie das nachstehende Dokument (Datenschutzerkl\u00e4rung nach DSGVO), das Sie dar\u00fcber informiert, wie die Hotel Neutor Betriebs GmbH mit Ihren pers\u00f6nlichen Daten umgeht, welche Arten von Daten \u00fcberhaupt erfasst werden, wie und zu welchem Zweck diese Daten verwendet werden, an wen die Hotel Neutor Betriebs GmbH diese Daten weitergibt und wie die Hotel Neutor Betriebs GmbH Ihre pers\u00f6nlichen Daten sch\u00fctzt. Ihre Pers\u00f6nlichkeitsrechte haben h\u00f6chste Priorit\u00e4t und die Hotel Neutor Betriebs GmbH bem\u00fcht sich nach besten Kr\u00e4ften, diese Rechte zu sch\u00fctzen. S\u00e4mtliche \u00fcber diese Datenschutzerkl\u00e4rung allenfalls hinausgehenden weitergehenden datenschutzrechtlichen Verpflichtungen bleiben unber\u00fchrt.<\/p>\n<p>[\/vc_column_text][\/vc_column][\/vc_row][vc_row][vc_column width=&#8221;1\/2&#8243;][vc_column_text]<\/p>\n<h5>Warum erfasst Hotel Neutor Betriebs GmbH pers\u00f6nliche Daten?<\/h5>\n<p>[\/vc_column_text][vc_column_text]Die Hotel Neutor Betriebs GmbH erfasst und verwendet Ihre pers\u00f6nlichen Daten, um Ihnen einen vorbildlichen Kundenservice zu bieten, einen bequemen Zugriff auf unsere Webseite zu erm\u00f6glichen und ein optimales Leistungsangebot zu unterbreiten. Dar\u00fcber hinaus helfen Ihre pers\u00f6nlichen Daten dabei, Sie \u00fcber die neuesten Produktank\u00fcndigungen, Sonderangebote und sonstige Entwicklungen auf dem Laufenden zu halten, die nach unserer Einsch\u00e4tzung f\u00fcr Sie interessant sein k\u00f6nnten. Wenn Sie kein Interesse daran haben, \u00fcber die neuesten Entwicklungen sowie aktuellen Produkt- und Service-Informationen auf dem Laufenden gehalten zu werden, k\u00f6nnen Sie uns dies jederzeit mitteilen.<br \/>\n[\/vc_column_text][vc_column_text]<\/p>\n<h5>Welche Daten werden erfasst?<\/h5>\n<p>[\/vc_column_text][vc_column_text]Es gibt eine Reihe von Situationen, in denen der Hotel Neutor Betriebs GmbH Ihre pers\u00f6nlichen Daten dabei helfen k\u00f6nnen, Ihnen einen besseren Service zu bieten. So k\u00f6nnten Sie beispielsweise um pers\u00f6nliche Angaben gebeten werden, wenn Sie eine Transaktion starten. Es werden von Ihnen stets nur solche Ausk\u00fcnfte erbeten, die f\u00fcr die jeweilige Situation relevant sind. Hierzu geh\u00f6ren beispielsweise Name, Postanschrift, Telefonnummer, E-Mail-Adresse und bevorzugte Methode der Kontaktaufnahme oder Kreditkartendaten. Dar\u00fcber hinaus erfasst die Hotel Neutor Betriebs GmbH Informationen zu Marktforschungszwecken, um unsere Kunden besser kennen zu lernen und Ihnen dadurch einen effektiveren Service bieten zu k\u00f6nnen. Des Weiteren erfasst die Hotel Neutor Betriebs GmbH Daten zu den Kundenaktivit\u00e4ten auf unserer Website. Anhand dieser Daten kann die Hotel Neutor Betriebs GmbH ermitteln, welche Informationen f\u00fcr unsere Kunden wirklich n\u00fctzlich sind und welche Bereiche unserer Websites und Internet-Services sie am meisten interessieren.[\/vc_column_text][vc_column_text]<\/p>\n<h5>Wann gibt Hotel Neutor Betriebs GmbH GmbH pers\u00f6nliche Daten weiter?<\/h5>\n<p>[\/vc_column_text][vc_column_text]Die Hotel Neutor Betriebs GmbH nimmt den Schutz Ihrer Pers\u00f6nlichkeitsrechte sehr ernst. Die Hotel Neutor Betriebs GmbH versichert Ihnen, dass Ihre Kontaktinformationen an andere Anbieter weder verkauft noch verleiht werden. Um Ihnen einen vorbildlichen Service bieten zu k\u00f6nnen, gibt Hotel Neutor Betriebs GmbH Ihre pers\u00f6nlichen Daten unter Umst\u00e4nden an juristische Personen weiter, die jedoch verpflichtet sind, diese Daten im Einklang mit der Datenschutzerkl\u00e4rung zu sch\u00fctzen. Mitunter kann es f\u00fcr die Hotel Neutor Betriebs GmbH von Vorteil sein, bestimmte pers\u00f6nliche Daten von Ihnen anderen Unternehmen zur Verf\u00fcgung zu stellen, mit denen die Hotel Neutor Betriebs GmbH eine strategische Partnerschaft eingegangen sind oder die f\u00fcr Hotel Neutor Betriebs GmbH t\u00e4tig sind, um Ihnen in unserem Namen Produkte und Leistungen zu liefern. Diese Unternehmen k\u00f6nnen uns dabei helfen, Informationen zu verarbeiten, Kredite zu gew\u00e4hren, Kundenbestellungen auszuf\u00fchren, Produkte an Sie zu liefern, Kundendaten zu verwalten und zu pflegen, einen Kundendienst zur Verf\u00fcgung zu stellen, Ihr Interesse an unseren Produkten und Leistungen zu bewerten, Kundenforschung zu betreiben oder Umfragen zur Kundenzufriedenheit durchzuf\u00fchren. Auch diese Unternehmen sind verpflichtet, Ihre pers\u00f6nlichen Daten im Einklang mit unserer Datenschutzerkl\u00e4rung zum Schutz der Pers\u00f6nlichkeitsrechte zu sch\u00fctzen. Mitunter kann die Hotel Neutor Betriebs GmbH aufgrund von gesetzlichen Bestimmungen oder Rechtsvorg\u00e4ngen gezwungen sein, Ihre pers\u00f6nlichen Daten offenzulegen.[\/vc_column_text][vc_column_text]<\/p>\n<h5>Wie sch\u00fctzt Hotel Neutor Betriebs GmbH Ihre pers\u00f6nlichen Daten?<\/h5>\n<p>[\/vc_column_text][vc_column_text]Die Hotel Neutor Betriebs GmbH ergreift Vorsichtsma\u00dfnahmen, einschlie\u00dflich verwaltungstechnischer, elektronischer und physischer Verfahren, um Ihre pers\u00f6nlichen Daten vor Verlust, Diebstahl und Missbrauch sowie vor unbefugtem Zugriff, Weitergabe, \u00c4nderung und Zerst\u00f6rung zu sch\u00fctzen. Die Webseite verwendet an manchen Stellen (Insbesondere bei Buchungsvorg\u00e4ngen) zur Verschl\u00fcsselung den Industriestandard SSL (Secure Sockets Layer). Dadurch wird die Vertraulichkeit Ihrer pers\u00f6nlichen Angaben und Kreditkartendaten bei Transaktionen \u00fcber das Internet gew\u00e4hrleistet. Auch Sie selbst k\u00f6nnen uns helfen und durch entsprechende Vorsichtsma\u00dfnahmen zum Schutz Ihrer pers\u00f6nlichen Daten im Internet beitragen. \u00c4ndern Sie h\u00e4ufig Ihr Kennwort. Verwenden Sie dabei eine Kombination aus Buchstaben und Zahlen und achten Sie darauf, stets einen sicheren Web-Browser zu verwenden.[\/vc_column_text][vc_column_text]<\/p>\n<h5>Integrit\u00e4t Ihrer pers\u00f6nlichen Daten<\/h5>\n<p>[\/vc_column_text][vc_column_text]Die Hotel Neutor Betriebs GmbH hat Schutzma\u00dfnahmen ergriffen, um zu gew\u00e4hrleisten, dass Ihre pers\u00f6nlichen Daten f\u00fcr die beabsichtigten Verwendungszwecke stets richtig, vollst\u00e4ndig und auf dem neuesten Stand sind. Selbstverst\u00e4ndlich haben Sie jederzeit das Recht, auf die von Ihnen bereitgestellten pers\u00f6nlichen Daten zuzugreifen und diese zu \u00e4ndern. Sie k\u00f6nnen uns dabei helfen, daf\u00fcr zu sorgen, dass Ihre Kontaktinformationen und Voreinstellungen richtig, vollst\u00e4ndig und auf dem neuesten Stand sind. Sie k\u00f6nnen auch eine Kopie Ihrer pers\u00f6nlichen Daten anfordern, indem Sie \u00fcber die weiter unten genannte E-Mail-Adresse Kontakt mit uns aufnehmen.[\/vc_column_text][\/vc_column][vc_column width=&#8221;1\/2&#8243;][vc_column_text]<\/p>\n<h5>Cookies und andere Technologien<\/h5>\n<p>[\/vc_column_text][vc_column_text]<br \/>\nWie auf vielen andere Websites von Unternehmen \u00fcblich, verwendet auch die Hotel Neutor Betriebs GmbH so genannte \u201cCookies\u201d und andere Technologien, um einen besseren Einblick dar\u00fcber zu erhalten, welche Bereiche unserer Websites besonders beliebt sind, wie sich unsere Besucher auf der Website bewegen und wie viel Zeit sie in den verschiedenen Bereichen verbringen. Dar\u00fcber hinaus verwendet die Hotel Neutor Betriebs GmbH Cookies und andere Technologien, um sicherzustellen, dass unsere Online-Werbung effektiv ist und Kunden auch tats\u00e4chlich auf unsere Produkte und Leistungen aufmerksam macht. Die Hotel Neutor Betriebs GmbH verwendet Cookies und andere Technologien, um den Datenverkehr auf unserer Website zu analysieren, damit wir ihre Gestaltung und Funktionalit\u00e4t weiter verbessern k\u00f6nnen, und um die Effizienz der Kommunikation mit unseren Kunden zu untersuchen. Des Weiteren verwendet die Hotel Neutor Betriebs GmbH, um die Website besser auf Ihre Bed\u00fcrfnisse ausrichten und Ihnen bei jedem Besuch noch mehr Bequemlichkeit beim Navigieren bieten zu k\u00f6nnen. Wie die meisten Websites werden auch von uns bestimmte Informationen automatisch erfasst und in Protokolldateien gespeichert. Zu diesen Informationen geh\u00f6ren Internet-Protokolladressen (IP-Adressen), Browser-Typ, Internet-Service-Provider (ISP), Verweis-\/Endseiten, Betriebssystem, Datums-\/Zeitmarken und Clickstream-Daten. In einigen unserer E-Mail-Nachrichten verwendet Hotel Neutor Betriebs GmbH eine so genannte \u201cClick-through URL\u201d, die mit Inhalt auf unserer Website verkn\u00fcpft ist. Wenn Sie in eine solche URL-Adresse klicken, passieren Sie unseren Web-Server, bevor Sie zu der eigentlichen Ziel-Web-Seite gelangen. Hotel Neutor Betriebs GmbH verfolgt diese \u201cClick-through\u201d-Daten, um zu ermitteln, welches Interesse an bestimmten Themen besteht, und um die Effizienz der Kommunikation mit unseren Kunden zu messen. Wenn Sie vermeiden m\u00f6chten, dass solche Daten erfasst werden, klicken Sie in E-Mails einfach in keine Text- oder Grafik-Links. Dar\u00fcber hinaus verwendet die Hotel Neutor Betriebs GmbH so genannte \u201cPixel-Tags\u201d (winzige Bilddateien), die Informationen dar\u00fcber liefern, welche Bereiche unserer Website die Kunden besucht haben, oder messen, wie effektiv Suchvorg\u00e4nge von Kunden auf unserer Website waren. Mit Hilfe von Pixel-Tags kann die Hotel Neutor Betriebs GmbH dar\u00fcber hinaus auch E-Mail-Nachrichten in einem vom Kunden lesbaren Format senden. Au\u00dferdem k\u00f6nnen wir damit \u00fcberpr\u00fcfen, ob E-Mails ge\u00f6ffnet wurden, um sicherzustellen, dass die Hotel Neutor Betriebs GmbH nur solche Nachrichten versendet, die unsere Kunden auch wirklich interessieren.[\/vc_column_text][vc_column_text]<\/p>\n<h5>Unser unternehmensweites Engagement zum Schutz Ihrer Pers\u00f6nlichkeitsrechte<\/h5>\n<p>[\/vc_column_text][vc_column_text]Damit die Sicherheit Ihrer pers\u00f6nlichen Daten gew\u00e4hrleistet ist, werden die vorliegenden Richtlinien an alle Mitarbeiter weitergegeben und Sicherheitsvorkehrungen zum Schutz der Pers\u00f6nlichkeitsrechte innerhalb des Unternehmens streng umgesetzt. Die Website enth\u00e4lt Links zu Websites anderer Unternehmen. F\u00fcr den Umgang dieser Unternehmen mit Pers\u00f6nlichkeitsrechten ist die Hotel Neutor Betriebs GmbH nicht verantwortlich. Die Hotel Neutor Betriebs GmbH empfiehlt Ihnen daher, sich bei diesen Unternehmen nach deren Datenschutzerkl\u00e4rung zu erkundigen.[\/vc_column_text][vc_column_text]<\/p>\n<h5>Verwendung von externen Diensten (Google Analytics)<\/h5>\n<p>[\/vc_column_text][vc_column_text]Diese Website benutzt Google Analytics, einen Webanalysedienst der Google Inc. (\u201eGoogle\u201c). Google Analytics verwendet sog. \u201eCookies\u201c, Textdateien, die auf Ihrem Computer gespeichert werden und die eine Analyse der Benutzung der Website durch Sie erm\u00f6glicht. Dabei handelt es sich um Cookies von Google selbst (Google Analytics-Cookies) und sogenannten Drittanbieter-Cookies (DoubleClick-Cookies). Die durch den Cookie erzeugten Informationen \u00fcber Ihre Benutzung dieser Website (einschlie\u00dflich Ihrer IP-Adresse) wird an einen Server von Google in den USA \u00fcbertragen und dort gespeichert. Google wird diese Informationen benutzen, um Ihre Nutzung der Website auszuwerten, um Reports \u00fcber die Websiteaktivit\u00e4ten f\u00fcr die Websitebetreiber zusammenzustellen und um weitere mit der Websitenutzung und der Internetnutzung verbundene Dienstleistungen zu erbringen, insbesondere auch Funktionen f\u00fcr Display-Werbung, etwa Remarketing, Berichte zu Impressionen im Google Display-Netzwerk, Integration von DoubleClick Campaign Manager oder Google Analytics-Berichte zur Leistung nach demografischen Merkmalen und Interessen. Auch wird Google diese Informationen gegebenenfalls an Dritte \u00fcbertragen, sofern dies gesetzlich vorgeschrieben oder soweit Dritte diese Daten im Auftrag von Google verarbeiten. Google wird in keinem Fall Ihre IP-Adresse mit anderen Daten, die von Google gespeichert werden, in Verbindung bringen. Sie k\u00f6nnen die Installation der Cookies durch eine entsprechende Einstellung Ihrer Browser Software verhindern; wir weisen Sie jedoch darauf hin, dass Sie in diesem Fall gegebenenfalls nicht s\u00e4mtliche Funktionen dieser Website voll umf\u00e4nglich nutzen k\u00f6nnen. Durch die Nutzung dieser Website erkl\u00e4ren Sie sich mit der Bearbeitung der \u00fcber Sie erhobenen Daten durch Google in der zuvor beschriebenen Art und Weise und zu dem zuvor benannten Zweck einverstanden. Sie k\u00f6nnen der Datenerhebung durch den Einsatz eines Google Browser-Plugins widersprechen. Das Plug-In kann unter folgendem Link heruntergeladen werden: <a href=\"https:\/\/tools.google.com\/dlpage\/gaoptout?hl=de\" target=\"_blank\" rel=\"noopener noreferrer\">https:\/\/tools.google.com\/dlpage\/gaoptout?hl=de<\/a>[\/vc_column_text][vc_column_text]<\/p>\n<h5>Verwendung von externen Diensten (Mailchimp)<\/h5>\n<p>[\/vc_column_text][vc_column_text]Die Hotel Neutor Betriebs GmbH versendet Newsletter, E-Mails und weitere elektronische Benachrichtigungen mit werblichen Informationen (nachfolgend \u201eNewsletter\u201c) nur mit der Einwilligung der Empf\u00e4nger oder einer gesetzlichen Erlaubnis. Sofern im Rahmen einer Anmeldung zum Newsletter dessen Inhalte konkret umschrieben werden, sind sie f\u00fcr die Einwilligung der Nutzer ma\u00dfgeblich. Im \u00dcbrigen enthalten unsere Newsletter Informationen, Angebote, Sonderangebote, Allgemeine Informationen zum Tourismus.<\/p>\n<p>Double-Opt-In und Protokollierung<br \/>\nDie Anmeldung zum Hotel Neutor Betriebs GmbH Newslettersystem erfolgt in einem sogenannten Double-Opt-In-Verfahren. Sie erhalten nach der Anmeldung eine E-Mail, in der Sie um die Best\u00e4tigung Ihrer Anmeldung gebeten werden. Diese Best\u00e4tigung ist notwendig, damit sich niemand mit fremden E-Mailadressen anmelden kann. Die Anmeldungen zum Newslettersystem werden protokolliert, um den Anmeldeprozess entsprechend den rechtlichen Anforderungen nachweisen zu k\u00f6nnen. Hierzu geh\u00f6rt die Speicherung des Anmelde- und des Best\u00e4tigungszeitpunkts, als auch der IP-Adresse. Ebenso werden die \u00c4nderungen Ihrer bei MailChimp gespeicherten Daten protokolliert.<\/p>\n<p>Einsatz des Versanddienstleisters \u201eMailChimp\u201c<br \/>\nDer Versand der Newsletter erfolgt mittels \u201eMailChimp\u201c, einer Newsletterversandplattform des US-Anbieters Rocket Science Group, LLC, 675 Ponce De Leon Ave NE #5000, Atlanta, GA 30308, USA.<\/p>\n<p>Die E-Mail-Adressen unserer Newsletterempf\u00e4nger, als auch deren weitere, im Rahmen dieser Hinweise beschriebenen Daten, werden auf den Servern von MailChimp in den USA gespeichert. MailChimp verwendet diese Informationen zum Versand und zur Auswertung der Newsletter im Auftrag der Hotel Neutor Betriebs GmbH. Des Weiteren kann MailChimp nach eigenen Informationen diese Daten zur Optimierung oder Verbesserung der eigenen Services nutzen, z.B. zur technischen Optimierung des Versandes und der Darstellung der Newsletter oder f\u00fcr wirtschaftliche Zwecke, um zu bestimmen aus welchen L\u00e4ndern die Empf\u00e4nger kommen. MailChimp nutzt die Daten unserer Newsletterempf\u00e4nger jedoch nicht, um diese selbst anzuschreiben oder an Dritte weiterzugeben.<br \/>\nWir vertrauen auf die Zuverl\u00e4ssigkeit und die IT- sowie Datensicherheit von MailChimp. MailChimp ist unter dem US-EU-Datenschutzabkommen \u201ePrivacy Shield\u201c zertifiziert und verpflichtet sich damit die EU-Datenschutzvorgaben (DSGVO) einzuhalten. Um sich f\u00fcr das Newslettersystem anzumelden, reicht es aus, wenn Sie Ihre E-Mailadresse angeben. Optional bitten wir Sie Ihren Vor- und Nachnamen anzugeben. Diese Angaben dienen lediglich der Personalisierung des Newsletters.<\/p>\n<p style=\"text-align: right;\">Hinweis zum Newsletter nach Muster von Rechtsanwalt Dr. Thomas Schwenke<\/p>\n<p>[\/vc_column_text][vc_column_text]<\/p>\n<h5>Fragen zum Schutz der Pers\u00f6nlichkeitsrechte<\/h5>\n<p>[\/vc_column_text][vc_column_text]Wenn Sie Fragen oder Bedenken zur Datenschutzerkl\u00e4rung haben, nehmen Sie bitte Kontakt mit uns auf. Senden Sie uns dazu eine Nachricht (Kontaktdaten siehe unten). Selbstverst\u00e4ndlich k\u00f6nnen Sie bei Hotel Neutor Betriebs GmbH erfragen, welche Daten von Hotel Neutor Betriebs GmbH \u00fcber Sie verarbeitet werden, woher diese Daten stammen, wozu sie verwendet und an wen sie \u00fcbermittelt werden. Ebenfalls k\u00f6nnen Sie nat\u00fcrlich falsche Daten richtig stellen bzw. unzul\u00e4ssiger Weise verarbeitete Daten l\u00f6schen lassen. Es gelten die Bestimmungen des Datenschutzgesetzes. Hotel Neutor Betriebs GmbH ist berechtigt, die Datenschutzerkl\u00e4rung von Zeit zu Zeit zu \u00e4ndern. Werden wesentliche \u00c4nderungen vorgenommen, wird eine entsprechende Mitteilung zusammen mit der aktualisierten Version der Datenschutzerkl\u00e4rung auf unserer Website ver\u00f6ffentlicht.[\/vc_column_text][\/vc_column][\/vc_row][vc_row css=&#8221;.vc_custom_1504780621563{padding-top: 0px !important;padding-bottom: 0px !important;}&#8221;][vc_column css=&#8221;.vc_custom_1504780635921{padding-top: 0px !important;padding-bottom: 0px !important;}&#8221;][vc_raw_html css=&#8221;.vc_custom_1505048918913{padding-top: 0px !important;padding-bottom: 0px !important;}&#8221;]JTNDc2NyaXB0JTNFJTBBJTIwJTIwJTIwJTIwalF1ZXJ5JTI4ZG9jdW1lbnQlMjkucmVhZHklMjhmdW5jdGlvbiUyOCUyOSUyMCU3QiUwQSUyMCUyMCUyMCUyMCUyMCUyMCUyMCUyMGpRdWVyeSUyOCUyMmEuYm9va19ub3clMjIlMjkuY2xpY2slMjhmdW5jdGlvbiUyOGYlMjklMjAlN0IlMEElMjAlMjAlMjAlMjAlMjAlMjAlMjAlMjAlMjAlMjAlMjAlMjBmLnByZXZlbnREZWZhdWx0JTI4JTI5JTNCJTBBJTIwJTIwJTIwJTIwJTIwJTIwJTIwJTIwJTIwJTIwJTIwJTIwd2JlU2VsZWN0Um9vbSUyODMxODQlMjklM0IlMEElMjAlMjAlMjAlMjAlMjAlMjAlMjAlMjAlN0QlMjklM0IlMEElMjAlMjAlMjAlMjAlN0QlMjklM0IlMEElM0MlMkZzY3JpcHQlM0U=[\/vc_raw_html][\/vc_column][\/vc_row][vc_row css=&#8221;.vc_custom_1504780498272{padding-top: 0px !important;padding-bottom: 0px !important;}&#8221;][vc_column css=&#8221;.vc_custom_1504780514402{padding-top: 0px !important;padding-bottom: 0px !important;}&#8221;][vc_column_text][\/vc_column_text][\/vc_column][\/vc_row]<\/p>","protected":false},"excerpt":{"rendered":"<p>[vc_row][vc_column][vc_column_text] Datenschutznach DSGVO [\/vc_column_text][\/vc_column][\/vc_row][vc_row][vc_column][vc_column_text] Die Datenschutzerkl\u00e4rung erstreckt sich auf das Erfassen und Verwenden pers\u00f6nlicher Daten, die bei Kontaktaufnahme unter Umst\u00e4nden [&hellip;]<\/p>\n","protected":false},"author":2,"featured_media":0,"parent":0,"menu_order":0,"comment_status":"closed","ping_status":"closed","template":"","meta":{"footnotes":""},"yoast_head":"<!-- This site is optimized with the Yoast SEO plugin v22.7 - https:\/\/yoast.com\/wordpress\/plugins\/seo\/ -->\n<title>Data Protection - Hotel Neutor<\/title>\n<meta name=\"robots\" content=\"index, follow, max-snippet:-1, max-image-preview:large, max-video-preview:-1\" \/>\n<link rel=\"canonical\" href=\"https:\/\/www.neutor.com\/datenschutz\/\" \/>\n<meta property=\"og:locale\" content=\"en_US\" \/>\n<meta property=\"og:type\" content=\"article\" \/>\n<meta property=\"og:title\" content=\"[:de]Datenschutz[:en]Data Protection[:] - Hotel Neutor\" \/>\n<meta property=\"og:description\" content=\"[vc_row][vc_column][vc_column_text] Datenschutznach DSGVO [\/vc_column_text][\/vc_column][\/vc_row][vc_row][vc_column][vc_column_text] Die Datenschutzerkl\u00e4rung erstreckt sich auf das Erfassen und Verwenden pers\u00f6nlicher Daten, die bei Kontaktaufnahme unter Umst\u00e4nden [&hellip;]\" \/>\n<meta property=\"og:url\" content=\"https:\/\/www.neutor.com\/datenschutz\/\" \/>\n<meta property=\"og:site_name\" content=\"Hotel Neutor\" \/>\n<meta property=\"article:modified_time\" content=\"2019-02-22T12:00:45+00:00\" \/>\n<meta name=\"twitter:card\" content=\"summary_large_image\" \/>\n<meta name=\"twitter:label1\" content=\"Est. reading time\" \/>\n\t<meta name=\"twitter:data1\" content=\"24 minutes\" \/>\n<script type=\"application\/ld+json\" class=\"yoast-schema-graph\">{\"@context\":\"https:\/\/schema.org\",\"@graph\":[{\"@type\":\"WebPage\",\"@id\":\"https:\/\/www.neutor.com\/datenschutz\/\",\"url\":\"https:\/\/www.neutor.com\/datenschutz\/\",\"name\":\"[:de]Datenschutz[:en]Data Protection[:] - Hotel Neutor\",\"isPartOf\":{\"@id\":\"https:\/\/www.neutor.com\/#website\"},\"datePublished\":\"2018-02-01T08:40:44+00:00\",\"dateModified\":\"2019-02-22T12:00:45+00:00\",\"breadcrumb\":{\"@id\":\"https:\/\/www.neutor.com\/datenschutz\/#breadcrumb\"},\"inLanguage\":\"en-US\",\"potentialAction\":[{\"@type\":\"ReadAction\",\"target\":[\"https:\/\/www.neutor.com\/datenschutz\/\"]}]},{\"@type\":\"BreadcrumbList\",\"@id\":\"https:\/\/www.neutor.com\/datenschutz\/#breadcrumb\",\"itemListElement\":[{\"@type\":\"ListItem\",\"position\":1,\"name\":\"Startseite\",\"item\":\"https:\/\/www.neutor.com\/\"},{\"@type\":\"ListItem\",\"position\":2,\"name\":\"Datenschutz\"}]},{\"@type\":\"WebSite\",\"@id\":\"https:\/\/www.neutor.com\/#website\",\"url\":\"https:\/\/www.neutor.com\/\",\"name\":\"Hotel Neutor\",\"description\":\"\",\"potentialAction\":[{\"@type\":\"SearchAction\",\"target\":{\"@type\":\"EntryPoint\",\"urlTemplate\":\"https:\/\/www.neutor.com\/?s={search_term_string}\"},\"query-input\":\"required name=search_term_string\"}],\"inLanguage\":\"en-US\"}]}<\/script>\n<!-- \/ Yoast SEO plugin. -->","yoast_head_json":{"title":"[:de]Datenschutz[:en]Data Protection[:] - Hotel Neutor","robots":{"index":"index","follow":"follow","max-snippet":"max-snippet:-1","max-image-preview":"max-image-preview:large","max-video-preview":"max-video-preview:-1"},"canonical":"https:\/\/www.neutor.com\/datenschutz\/","og_locale":"en_US","og_type":"article","og_title":"[:de]Datenschutz[:en]Data Protection[:] - Hotel Neutor","og_description":"[vc_row][vc_column][vc_column_text] Datenschutznach DSGVO [\/vc_column_text][\/vc_column][\/vc_row][vc_row][vc_column][vc_column_text] Die Datenschutzerkl\u00e4rung erstreckt sich auf das Erfassen und Verwenden pers\u00f6nlicher Daten, die bei Kontaktaufnahme unter Umst\u00e4nden [&hellip;]","og_url":"https:\/\/www.neutor.com\/datenschutz\/","og_site_name":"Hotel Neutor","article_modified_time":"2019-02-22T12:00:45+00:00","twitter_card":"summary_large_image","twitter_misc":{"Est. reading time":"24 minutes"},"schema":{"@context":"https:\/\/schema.org","@graph":[{"@type":"WebPage","@id":"https:\/\/www.neutor.com\/datenschutz\/","url":"https:\/\/www.neutor.com\/datenschutz\/","name":"[:de]Datenschutz[:en]Data Protection[:] - Hotel Neutor","isPartOf":{"@id":"https:\/\/www.neutor.com\/#website"},"datePublished":"2018-02-01T08:40:44+00:00","dateModified":"2019-02-22T12:00:45+00:00","breadcrumb":{"@id":"https:\/\/www.neutor.com\/datenschutz\/#breadcrumb"},"inLanguage":"en-US","potentialAction":[{"@type":"ReadAction","target":["https:\/\/www.neutor.com\/datenschutz\/"]}]},{"@type":"BreadcrumbList","@id":"https:\/\/www.neutor.com\/datenschutz\/#breadcrumb","itemListElement":[{"@type":"ListItem","position":1,"name":"Startseite","item":"https:\/\/www.neutor.com\/"},{"@type":"ListItem","position":2,"name":"Datenschutz"}]},{"@type":"WebSite","@id":"https:\/\/www.neutor.com\/#website","url":"https:\/\/www.neutor.com\/","name":"Hotel Neutor","description":"","potentialAction":[{"@type":"SearchAction","target":{"@type":"EntryPoint","urlTemplate":"https:\/\/www.neutor.com\/?s={search_term_string}"},"query-input":"required name=search_term_string"}],"inLanguage":"en-US"}]}},"amp_enabled":true,"_links":{"self":[{"href":"https:\/\/www.neutor.com\/en\/wp-json\/wp\/v2\/pages\/1053"}],"collection":[{"href":"https:\/\/www.neutor.com\/en\/wp-json\/wp\/v2\/pages"}],"about":[{"href":"https:\/\/www.neutor.com\/en\/wp-json\/wp\/v2\/types\/page"}],"author":[{"embeddable":true,"href":"https:\/\/www.neutor.com\/en\/wp-json\/wp\/v2\/users\/2"}],"replies":[{"embeddable":true,"href":"https:\/\/www.neutor.com\/en\/wp-json\/wp\/v2\/comments?post=1053"}],"version-history":[{"count":16,"href":"https:\/\/www.neutor.com\/en\/wp-json\/wp\/v2\/pages\/1053\/revisions"}],"predecessor-version":[{"id":1231,"href":"https:\/\/www.neutor.com\/en\/wp-json\/wp\/v2\/pages\/1053\/revisions\/1231"}],"wp:attachment":[{"href":"https:\/\/www.neutor.com\/en\/wp-json\/wp\/v2\/media?parent=1053"}],"curies":[{"name":"wp","href":"https:\/\/api.w.org\/{rel}","templated":true}]}}