{"id":1331,"date":"2021-02-09T13:16:26","date_gmt":"2021-02-09T12:16:26","guid":{"rendered":"https:\/\/www.neutor.com\/?page_id=1331"},"modified":"2025-04-02T12:24:42","modified_gmt":"2025-04-02T10:24:42","slug":"english-home-new","status":"publish","type":"page","link":"https:\/\/www.neutor.com\/en\/","title":{"rendered":"home"},"content":{"rendered":"<p>[vc_row css=&#8221;.vc_custom_1612877586277{margin-top: 0px !important;margin-bottom: 0px !important;border-top-width: 0px !important;border-bottom-width: 0px !important;padding-top: 0px !important;padding-bottom: 0px !important;}&#8221;][vc_column][vc_column_text][\/vc_column_text][\/vc_column][\/vc_row][vc_row full_width=&#8221;stretch_row&#8221; css=&#8221;.vc_custom_1505730806906{padding-top: 30px !important;padding-right: 50px !important;padding-bottom: 30px !important;padding-left: 50px !important;background-color: #f0f1f2 !important;}&#8221; el_id=&#8221;BookingForm&#8221; el_class=&#8221;BookingForm&#8221;][vc_column css=&#8221;.vc_custom_1492161014616{background-color: #f0f1f2 !important;}&#8221;][vc_column_text][adoppelt_ninja form=&#8221;4&#8243; form_style=&#8221;horizontal&#8221; form_fields_4=&#8221;44,51,43,50&#8243; css=&#8221;.vc_custom_1492161033561{background-color: #f0f1f2 !important;}&#8221;][\/vc_column_text][\/vc_column][\/vc_row][vc_row][vc_column][vc_column_text]<\/p>\n<h2 style=\"text-align: center;\"><small>die Neutor Hotels in Salzburg <\/small>wir sind Zentrum, das wei\u00df Jedermann<\/h2>\n<p>[\/vc_column_text][\/vc_column][\/vc_row][vc_row full_width=&#8221;stretch_row&#8221; full_height=&#8221;yes&#8221; parallax_layers=&#8221;yes&#8221; style_images=&#8221;yes&#8221; css=&#8221;.vc_custom_1723480968568{background-image: url(https:\/\/www.neutor.com\/wp-content\/uploads\/2017\/04\/ParallaxBackground-3.png?id=151) !important;background-position: center !important;background-repeat: no-repeat !important;background-size: cover !important;}&#8221; parallax_offset=&#8221;150&#8243; layer_1=&#8221;773&#8243; layer_1_vertical=&#8221;top: 70%&#8221; layer_1_horizontal=&#8221;left: 17%&#8221; layer_1_ratio=&#8221;1&#8243; layer_1_z=&#8221;1&#8243; layer_2=&#8221;772&#8243; layer_2_vertical=&#8221;top: 15%&#8221; layer_2_horizontal=&#8221;left: 19%&#8221; layer_2_ratio=&#8221;1&#8243; layer_2_z=&#8221;2&#8243; layer_3=&#8221;774&#8243; layer_3_vertical=&#8221;top: 40%&#8221; layer_3_horizontal=&#8221;left: 10%&#8221; layer_3_ratio=&#8221;1&#8243; layer_3_z=&#8221;3&#8243;][vc_column width=&#8221;2\/3&#8243;][\/vc_column][vc_column width=&#8221;1\/3&#8243;][vc_column_text]<\/p>\n<h1>Herzlich Willkommen im Herzen der Mozartstadt!<\/h1>\n<p style=\"font-size: medium;\">Nutzen Sie das Hotel Neutor als Startpunkt f\u00fcr Ihre Aktivit\u00e4ten, egal ob Ihr Salzburg-Aufenthalt gesch\u00e4ftlicher Natur ist oder ob Sie sich in Ihrer Freizeit bei uns befinden. Nur f\u00fcnf Gehminuten vom ber\u00fchmten Festspielhaus entfernt, liegt das Hotel Neutor optimal direkt bei der Salzburger Altstadt. So erreichen Sie bequem die Vorstellungen des &#8220;Jedermann&#8221; ohne Stre\u00df zu Fu\u00df. Auch der Adventmarkt ist binnen weniger Minuten erreicht!<\/p>\n<p>[\/vc_column_text][vc_column_text]<\/p>\n<p style=\"font-size: medium;\">Zusammengefasst bietet das Hotel Neutor eine absolut perfekte Lage zu einem sehr attraktiven Preis!<\/p>\n<p style=\"font-size: medium;\">Wir freuen uns, Sie bald bei uns begr\u00fc\u00dfen zu d\u00fcrfen!<\/p>\n<p style=\"font-size: medium;\">Ihr Hotel Neutor-Team! \ud83d\ude42<\/p>\n<p>[\/vc_column_text][\/vc_column][\/vc_row][vc_row css=&#8221;.vc_custom_1504683541219{padding-top: 0px !important;padding-bottom: 0px !important;}&#8221;][vc_column][vc_raw_html]JTNDc2NyaXB0JTNFJTBBJTIwJTIwJTIwJTIwalF1ZXJ5JTI4ZG9jdW1lbnQlMjkucmVhZHklMjhmdW5jdGlvbiUyOCUyOSUyMCU3QiUwQSUyMCUyMCUyMCUyMCUyMCUyMCUyMCUyMGpRdWVyeSUyOCUyMmEuYm9va19ub3clMjIlMjkuY2xpY2slMjhmdW5jdGlvbiUyOGYlMjklMjAlN0IlMEElMjAlMjAlMjAlMjAlMjAlMjAlMjAlMjAlMjAlMjAlMjAlMjBmLnByZXZlbnREZWZhdWx0JTI4JTI5JTNCJTBBJTIwJTIwJTIwJTIwJTIwJTIwJTIwJTIwJTIwJTIwJTIwJTIwd2JlU2VsZWN0Um9vbSUyODMxODQlMjklM0IlMEElMjAlMjAlMjAlMjAlMjAlMjAlMjAlMjAlN0QlMjklM0IlMEElMjAlMjAlMjAlMjAlMjAlMjAlMjAlMjBqUXVlcnklMjglMjIuc2xpZGVyVGV4dCUyMGEuYm9va19ub3clMjIlMjkuY2xpY2slMjhmdW5jdGlvbiUyOGYlMjklMjAlN0IlMEElMjAlMjAlMjAlMjAlMjAlMjAlMjAlMjAlMjAlMjAlMjAlMjBmLnByZXZlbnREZWZhdWx0JTI4JTI5JTNCJTBBJTIwJTIwJTIwJTIwJTIwJTIwJTIwJTIwJTIwJTIwJTIwJTIwd2JlT3BlblBhY2thZ2UlMjgxMzU5JTI5JTNCJTBBJTIwJTIwJTIwJTIwJTIwJTIwJTIwJTIwJTdEJTI5JTNCJTBBJTIwJTIwJTIwJTIwJTIwJTIwJTIwJTIwalF1ZXJ5JTI4JTIyLnBhY2thZ2UxMzUzJTIwYS5ib29rX25vdyUyMiUyOS5jbGljayUyOGZ1bmN0aW9uJTI4ZiUyOSUyMCU3QiUwQSUyMCUyMCUyMCUyMCUyMCUyMCUyMCUyMCUyMCUyMCUyMCUyMGYucHJldmVudERlZmF1bHQlMjglMjklM0IlMEElMjAlMjAlMjAlMjAlMjAlMjAlMjAlMjAlMjAlMjAlMjAlMjB3YmVPcGVuUGFja2FnZSUyODEzNTMlMjklM0IlMEElMjAlMjAlMjAlMjAlMjAlMjAlMjAlMjAlN0QlMjklM0IlMEElMjAlMjAlMjAlMjAlMjAlMjAlMjAlMjBqUXVlcnklMjglMjIucGFja2FnZTEyNzIlMjBhLmJvb2tfbm93JTIyJTI5LmNsaWNrJTI4ZnVuY3Rpb24lMjhmJTI5JTIwJTdCJTBBJTIwJTIwJTIwJTIwJTIwJTIwJTIwJTIwJTIwJTIwJTIwJTIwZi5wcmV2ZW50RGVmYXVsdCUyOCUyOSUzQiUwQSUyMCUyMCUyMCUyMCUyMCUyMCUyMCUyMCUyMCUyMCUyMCUyMHdiZU9wZW5QYWNrYWdlJTI4MTI3MiUyOSUzQiUwQSUyMCUyMCUyMCUyMCUyMCUyMCUyMCUyMCU3RCUyOSUzQiUwQSUyMCUyMCUyMCUyMCUyMCUyMCUyMCUyMGpRdWVyeSUyOCUyMi5wYWNrYWdlMTMyOSUyMGEuYm9va19ub3clMjIlMjkuY2xpY2slMjhmdW5jdGlvbiUyOGYlMjklMjAlN0IlMEElMjAlMjAlMjAlMjAlMjAlMjAlMjAlMjAlMjAlMjAlMjAlMjBmLnByZXZlbnREZWZhdWx0JTI4JTI5JTNCJTBBJTIwJTIwJTIwJTIwJTIwJTIwJTIwJTIwJTIwJTIwJTIwJTIwd2JlT3BlblBhY2thZ2UlMjgxMzI5JTI5JTNCJTBBJTIwJTIwJTIwJTIwJTIwJTIwJTIwJTIwJTdEJTI5JTNCJTBBJTIwJTIwJTIwJTIwJTIwJTIwJTIwJTIwalF1ZXJ5JTI4JTIyLnBhY2thZ2UxMzI3JTIwYS5ib29rX25vdyUyMiUyOS5jbGljayUyOGZ1bmN0aW9uJTI4ZiUyOSUyMCU3QiUwQSUyMCUyMCUyMCUyMCUyMCUyMCUyMCUyMCUyMCUyMCUyMCUyMGYucHJldmVudERlZmF1bHQlMjglMjklM0IlMEElMjAlMjAlMjAlMjAlMjAlMjAlMjAlMjAlMjAlMjAlMjAlMjB3YmVPcGVuUGFja2FnZSUyODEzMjclMjklM0IlMEElMjAlMjAlMjAlMjAlMjAlMjAlMjAlMjAlN0QlMjklM0IlMEElMjAlMjAlMjAlMjAlMjAlMjAlMjAlMjBqUXVlcnklMjglMjIucGFja2FnZTEzMjYlMjBhLmJvb2tfbm93JTIyJTI5LmNsaWNrJTI4ZnVuY3Rpb24lMjhmJTI5JTIwJTdCJTBBJTIwJTIwJTIwJTIwJTIwJTIwJTIwJTIwJTIwJTIwJTIwJTIwZi5wcmV2ZW50RGVmYXVsdCUyOCUyOSUzQiUwQSUyMCUyMCUyMCUyMCUyMCUyMCUyMCUyMCUyMCUyMCUyMCUyMHdiZU9wZW5QYWNrYWdlJTI4MTMyNiUyOSUzQiUwQSUyMCUyMCUyMCUyMCUyMCUyMCUyMCUyMCU3RCUyOSUzQiUwQSUyMCUyMCUyMCUyMCUyMCUyMCUyMCUyMGpRdWVyeSUyOCUyMi5wYWNrYWdlMTMyOCUyMGEuYm9va19ub3clMjIlMjkuY2xpY2slMjhmdW5jdGlvbiUyOGYlMjklMjAlN0IlMEElMjAlMjAlMjAlMjAlMjAlMjAlMjAlMjAlMjAlMjAlMjAlMjBmLnByZXZlbnREZWZhdWx0JTI4JTI5JTNCJTBBJTIwJTIwJTIwJTIwJTIwJTIwJTIwJTIwJTIwJTIwJTIwJTIwd2JlT3BlblBhY2thZ2UlMjgxMzI4JTI5JTNCJTBBJTIwJTIwJTIwJTIwJTIwJTIwJTIwJTIwJTdEJTI5JTNCJTBBJTIwJTIwJTIwJTIwJTIwJTIwJTIwJTIwalF1ZXJ5JTI4JTIyLnBhY2thZ2UxNTYyJTIwYS5ib29rX25vdyUyMiUyOS5jbGljayUyOGZ1bmN0aW9uJTI4ZiUyOSUyMCU3QiUwQSUyMCUyMCUyMCUyMCUyMCUyMCUyMCUyMCUyMCUyMCUyMCUyMGYucHJldmVudERlZmF1bHQlMjglMjklM0IlMEElMjAlMjAlMjAlMjAlMjAlMjAlMjAlMjAlMjAlMjAlMjAlMjB3YmVPcGVuUGFja2FnZSUyODE1NjIlMjklM0IlMEElMjAlMjAlMjAlMjAlMjAlMjAlMjAlMjAlN0QlMjklM0IlMEElMjAlMjAlMjAlMjAlMjAlMjAlMjAlMjBqUXVlcnklMjglMjIucGFja2FnZTE1OTUlMjBhLmJvb2tfbm93JTIyJTI5LmNsaWNrJTI4ZnVuY3Rpb24lMjhmJTI5JTIwJTdCJTBBJTIwJTIwJTIwJTIwJTIwJTIwJTIwJTIwJTIwJTIwJTIwJTIwZi5wcmV2ZW50RGVmYXVsdCUyOCUyOSUzQiUwQSUyMCUyMCUyMCUyMCUyMCUyMCUyMCUyMCUyMCUyMCUyMCUyMHdiZU9wZW5QYWNrYWdlJTI4MTU5NSUyOSUzQiUwQSUyMCUyMCUyMCUyMCUyMCUyMCUyMCUyMCU3RCUyOSUzQiUwQSUyMCUyMCUyMCUyMCU3RCUyOSUzQiUwQSUzQyUyRnNjcmlwdCUzRSUwQSUzQ3NjcmlwdCUzRSUwQSUyMCUyMCUyMCUyMGpRdWVyeSUyOGRvY3VtZW50JTI5LnJlYWR5JTI4ZnVuY3Rpb24lMjglMjklMjAlN0IlMEElMjAlMjAlMjAlMjAlMjAlMjAlMjAlMjAlMjBzZXRJbnRlcnZhbCUyOGZ1bmN0aW9uJTI4JTI5JTdCJTBBJTIwJTIwJTIwJTIwJTIwJTIwJTIwJTIwJTIwJTIwJTIwJTIwalF1ZXJ5JTI4JTIyLnNlcnZpY2VzLWNhcm91c2VsJTIyJTI5LmZpbmQlMjglMjdpbWclMjclMjkuZWFjaCUyOGZ1bmN0aW9uJTI4JTI5JTIwJTdCJTBBJTIwJTIwJTIwJTIwJTIwJTIwJTIwJTIwJTIwJTIwJTIwJTIwJTIwJTIwJTIwJTIwaWYlMjAlMjglMjhqUXVlcnklMjh0aGlzJTI5LmF0dHIlMjglMjdzcmMlMjclMjklMjAlM0QlM0QlM0QlMjAlMjclMjclMjklMjAlN0MlN0MlMjAlMjhqUXVlcnklMjh0aGlzJTI5LmF0dHIlMjglMjdzcmMlMjclMjklMjAlM0QlM0QlM0QlMjB1bmRlZmluZWQlMjklMjklMjAlN0IlMEElMjAlMjAlMjAlMjAlMjAlMjAlMjAlMjAlMjAlMjAlMjAlMjAlMjAlMjAlMjAlMjAlMjAlMjAlMjAlMjBqUXVlcnklMjh0aGlzJTI5LnBhcmVudCUyOCUyOS5wYXJlbnQlMjglMjIub3dsLWl0ZW0lMjIlMjkucGFyZW50JTI4JTIyLm93bC1pdGVtJTIyJTI5LnJlbW92ZSUyOCUyOSUzQiUwQSUyMCUyMCUyMCUyMCUyMCUyMCUyMCUyMCUyMCUyMCUyMCUyMCUyMCUyMCUyMCUyMCU3RCUwQSUyMCUyMCUyMCUyMCUyMCUyMCUyMCUyMCUyMCUyMCUyMCUyMCU3RCUyOSUzQiUwQSUyMCUyMCUyMCUyMCUyMCUyMCUyMCUyMCUyMCU3RCUyQyUyMDEwMDAwJTI5JTNCJTBBJTIwJTIwJTIwJTIwJTdEJTI5JTNCJTBBJTNDJTJGc2NyaXB0JTNF[\/vc_raw_html][\/vc_column][\/vc_row][vc_row css=&#8221;.vc_custom_1504683405876{padding-top: 0px !important;padding-bottom: 0px !important;}&#8221;][vc_column][vc_column_text][\/vc_column_text][vc_column_text][\/vc_column_text][\/vc_column][\/vc_row][vc_row][vc_column][vc_row_inner][vc_column_inner][vc_column_text]<\/p>\n<h2 style=\"text-align: center;\"><small>Wir sind ausgebucht?<\/small>Die L\u00f6sung ist unser Neutor Express Salzburg Zentrum<\/h2>\n<p>[\/vc_column_text][vc_single_image image=&#8221;160&#8243; img_size=&#8221;large&#8221; alignment=&#8221;center&#8221; onclick=&#8221;custom_link&#8221; img_link_target=&#8221;_blank&#8221; link=&#8221;https:\/\/www.neutor-express.com&#8221;][\/vc_column_inner][\/vc_row_inner][vc_column_text]<\/p>\n<p style=\"text-align: center;\">Sie sind preisbewusst und wollen trotzdem im Zentrum n\u00e4chtigen? Besuchen Sie doch das Hotel Neutor Express Salzburg Zentrum! Praktischerweise gegen\u00fcber dem Hotel Neutor gelegen, liegt es ebenfalls direkt im Herzen von Salzburg! Wir freuen uns \u00fcber Ihren Besuch.<\/p>\n<p>[\/vc_column_text][\/vc_column][\/vc_row][vc_row css=&#8221;.vc_custom_1612877601214{margin-top: 0px !important;margin-bottom: 0px !important;border-top-width: 0px !important;border-bottom-width: 0px !important;padding-top: 0px !important;padding-bottom: 0px !important;}&#8221;][vc_column][vc_column_text][\/vc_column_text][\/vc_column][\/vc_row]<\/p>\n","protected":false},"excerpt":{"rendered":"<p>[vc_row css=&#8221;.vc_custom_1612877586277{margin-top: 0px !important;margin-bottom: 0px !important;border-top-width: 0px !important;border-bottom-width: 0px !important;padding-top: 0px !important;padding-bottom: 0px !important;}&#8221;][vc_column][vc_column_text][\/vc_column_text][\/vc_column][\/vc_row][vc_row full_width=&#8221;stretch_row&#8221; css=&#8221;.vc_custom_1505730806906{padding-top: 30px !important;padding-right: 50px !important;padding-bottom: [&hellip;]<\/p>\n","protected":false},"author":6,"featured_media":0,"parent":0,"menu_order":0,"comment_status":"closed","ping_status":"closed","template":"","meta":{"footnotes":""},"yoast_head":"<!-- This site is optimized with the Yoast SEO plugin v22.7 - https:\/\/yoast.com\/wordpress\/plugins\/seo\/ -->\n<title>home - Hotel Neutor<\/title>\n<meta name=\"robots\" content=\"index, follow, max-snippet:-1, max-image-preview:large, max-video-preview:-1\" \/>\n<link rel=\"canonical\" href=\"https:\/\/www.neutor.com\/\" \/>\n<meta property=\"og:locale\" content=\"en_US\" \/>\n<meta property=\"og:type\" content=\"article\" \/>\n<meta property=\"og:title\" content=\"home - Hotel Neutor\" \/>\n<meta property=\"og:description\" content=\"[vc_row css=&#8221;.vc_custom_1612877586277{margin-top: 0px !important;margin-bottom: 0px !important;border-top-width: 0px !important;border-bottom-width: 0px !important;padding-top: 0px !important;padding-bottom: 0px !important;}&#8221;][vc_column][vc_column_text][\/vc_column_text][\/vc_column][\/vc_row][vc_row full_width=&#8221;stretch_row&#8221; css=&#8221;.vc_custom_1505730806906{padding-top: 30px !important;padding-right: 50px !important;padding-bottom: [&hellip;]\" \/>\n<meta property=\"og:url\" content=\"https:\/\/www.neutor.com\/\" \/>\n<meta property=\"og:site_name\" content=\"Hotel Neutor\" \/>\n<meta property=\"article:modified_time\" content=\"2025-04-02T10:24:42+00:00\" \/>\n<meta name=\"twitter:card\" content=\"summary_large_image\" \/>\n<meta name=\"twitter:label1\" content=\"Est. reading time\" \/>\n\t<meta name=\"twitter:data1\" content=\"3 minutes\" \/>\n<script type=\"application\/ld+json\" class=\"yoast-schema-graph\">{\"@context\":\"https:\/\/schema.org\",\"@graph\":[{\"@type\":\"WebPage\",\"@id\":\"https:\/\/www.neutor.com\/\",\"url\":\"https:\/\/www.neutor.com\/\",\"name\":\"home - Hotel Neutor\",\"isPartOf\":{\"@id\":\"https:\/\/www.neutor.com\/#website\"},\"datePublished\":\"2021-02-09T12:16:26+00:00\",\"dateModified\":\"2025-04-02T10:24:42+00:00\",\"breadcrumb\":{\"@id\":\"https:\/\/www.neutor.com\/#breadcrumb\"},\"inLanguage\":\"en-US\",\"potentialAction\":[{\"@type\":\"ReadAction\",\"target\":[\"https:\/\/www.neutor.com\/\"]}]},{\"@type\":\"BreadcrumbList\",\"@id\":\"https:\/\/www.neutor.com\/#breadcrumb\",\"itemListElement\":[{\"@type\":\"ListItem\",\"position\":1,\"name\":\"Startseite\",\"item\":\"https:\/\/www.neutor.com\/\"},{\"@type\":\"ListItem\",\"position\":2,\"name\":\"home\"}]},{\"@type\":\"WebSite\",\"@id\":\"https:\/\/www.neutor.com\/#website\",\"url\":\"https:\/\/www.neutor.com\/\",\"name\":\"Hotel Neutor\",\"description\":\"\",\"potentialAction\":[{\"@type\":\"SearchAction\",\"target\":{\"@type\":\"EntryPoint\",\"urlTemplate\":\"https:\/\/www.neutor.com\/?s={search_term_string}\"},\"query-input\":\"required name=search_term_string\"}],\"inLanguage\":\"en-US\"}]}<\/script>\n<!-- \/ Yoast SEO plugin. -->","yoast_head_json":{"title":"home - Hotel Neutor","robots":{"index":"index","follow":"follow","max-snippet":"max-snippet:-1","max-image-preview":"max-image-preview:large","max-video-preview":"max-video-preview:-1"},"canonical":"https:\/\/www.neutor.com\/","og_locale":"en_US","og_type":"article","og_title":"home - Hotel Neutor","og_description":"[vc_row css=&#8221;.vc_custom_1612877586277{margin-top: 0px !important;margin-bottom: 0px !important;border-top-width: 0px !important;border-bottom-width: 0px !important;padding-top: 0px !important;padding-bottom: 0px !important;}&#8221;][vc_column][vc_column_text][\/vc_column_text][\/vc_column][\/vc_row][vc_row full_width=&#8221;stretch_row&#8221; css=&#8221;.vc_custom_1505730806906{padding-top: 30px !important;padding-right: 50px !important;padding-bottom: [&hellip;]","og_url":"https:\/\/www.neutor.com\/","og_site_name":"Hotel Neutor","article_modified_time":"2025-04-02T10:24:42+00:00","twitter_card":"summary_large_image","twitter_misc":{"Est. reading time":"3 minutes"},"schema":{"@context":"https:\/\/schema.org","@graph":[{"@type":"WebPage","@id":"https:\/\/www.neutor.com\/","url":"https:\/\/www.neutor.com\/","name":"home - Hotel Neutor","isPartOf":{"@id":"https:\/\/www.neutor.com\/#website"},"datePublished":"2021-02-09T12:16:26+00:00","dateModified":"2025-04-02T10:24:42+00:00","breadcrumb":{"@id":"https:\/\/www.neutor.com\/#breadcrumb"},"inLanguage":"en-US","potentialAction":[{"@type":"ReadAction","target":["https:\/\/www.neutor.com\/"]}]},{"@type":"BreadcrumbList","@id":"https:\/\/www.neutor.com\/#breadcrumb","itemListElement":[{"@type":"ListItem","position":1,"name":"Startseite","item":"https:\/\/www.neutor.com\/"},{"@type":"ListItem","position":2,"name":"home"}]},{"@type":"WebSite","@id":"https:\/\/www.neutor.com\/#website","url":"https:\/\/www.neutor.com\/","name":"Hotel Neutor","description":"","potentialAction":[{"@type":"SearchAction","target":{"@type":"EntryPoint","urlTemplate":"https:\/\/www.neutor.com\/?s={search_term_string}"},"query-input":"required name=search_term_string"}],"inLanguage":"en-US"}]}},"amp_enabled":false,"_links":{"self":[{"href":"https:\/\/www.neutor.com\/en\/wp-json\/wp\/v2\/pages\/1331"}],"collection":[{"href":"https:\/\/www.neutor.com\/en\/wp-json\/wp\/v2\/pages"}],"about":[{"href":"https:\/\/www.neutor.com\/en\/wp-json\/wp\/v2\/types\/page"}],"author":[{"embeddable":true,"href":"https:\/\/www.neutor.com\/en\/wp-json\/wp\/v2\/users\/6"}],"replies":[{"embeddable":true,"href":"https:\/\/www.neutor.com\/en\/wp-json\/wp\/v2\/comments?post=1331"}],"version-history":[{"count":24,"href":"https:\/\/www.neutor.com\/en\/wp-json\/wp\/v2\/pages\/1331\/revisions"}],"predecessor-version":[{"id":1507,"href":"https:\/\/www.neutor.com\/en\/wp-json\/wp\/v2\/pages\/1331\/revisions\/1507"}],"wp:attachment":[{"href":"https:\/\/www.neutor.com\/en\/wp-json\/wp\/v2\/media?parent=1331"}],"curies":[{"name":"wp","href":"https:\/\/api.w.org\/{rel}","templated":true}]}}